{"id":3,"date":"2024-07-09T03:46:33","date_gmt":"2024-07-09T03:46:33","guid":{"rendered":"http:\/\/hlh-wx.local\/?page_id=3"},"modified":"2024-08-23T01:50:30","modified_gmt":"2024-08-23T01:50:30","slug":"privacy-policy","status":"publish","type":"page","link":"https:\/\/hlh-js.com\/fr\/privacy-policy\/","title":{"rendered":"Politique de confidentialit\u00e9"},"content":{"rendered":"<div class=\"fusion-fullwidth fullwidth-box fusion-builder-row-1 fusion-flex-container nonhundred-percent-fullwidth non-hundred-percent-height-scrolling\" style=\"--awb-border-radius-top-left:0px;--awb-border-radius-top-right:0px;--awb-border-radius-bottom-right:0px;--awb-border-radius-bottom-left:0px;--awb-flex-wrap:wrap;\" ><div class=\"fusion-builder-row fusion-row fusion-flex-align-items-flex-start fusion-flex-content-wrap\" style=\"max-width:1248px;margin-left: calc(-4% \/ 2 );margin-right: calc(-4% \/ 2 );\"><div class=\"fusion-layout-column fusion_builder_column fusion-builder-column-0 fusion_builder_column_1_1 1_1 fusion-flex-column\" style=\"--awb-bg-blend:overlay;--awb-bg-size:cover;--awb-width-large:100%;--awb-margin-top-large:0px;--awb-spacing-right-large:1.92%;--awb-margin-bottom-large:0px;--awb-spacing-left-large:1.92%;--awb-width-medium:100%;--awb-spacing-right-medium:1.92%;--awb-spacing-left-medium:1.92%;--awb-width-small:100%;--awb-spacing-right-small:1.92%;--awb-spacing-left-small:1.92%;\"><div class=\"fusion-column-wrapper fusion-flex-justify-content-flex-start fusion-content-layout-column\"><div class=\"fusion-text fusion-text-1\" style=\"--awb-content-alignment:left;\"><h3 style=\"text-align: center;\">Politique de confidentialit\u00e9<\/h3>\n<h5 class=\"wp-block-heading\">Qui sommes-nous ?<\/h5>\n<p><!-- \/wp:post-content --><\/p>\n<p><!-- wp:paragraph --><\/p>\n<p>Les utilisateurs du site soumettent des informations et le serveur laisse les informations personnelles.<\/p>\n<p>Contenu de la collecte d'informations<\/p>\n<p>Une fois que vous avez pass\u00e9 votre commande, je recueille vos informations personnelles, notamment votre nom, votre adresse \u00e9lectronique, votre code postal, l'adresse du destinataire, votre num\u00e9ro de t\u00e9l\u00e9phone, etc.<\/p>\n<p>Notre soci\u00e9t\u00e9 peut recevoir et enregistrer automatiquement les d\u00e9tails des informations contenues dans le journal de votre navigateur ou serveur, y compris, mais sans s'y limiter, votre adresse IP, les informations contenues dans les cookies de notre soci\u00e9t\u00e9 et les enregistrements des pages web que vous avez visit\u00e9es.<\/p>\n<h5 class=\"wp-block-heading\">Protection et utilisation des informations<\/h5>\n<p><!-- wp:paragraph --><\/p>\n<p>Les informations susmentionn\u00e9es collect\u00e9es par notre soci\u00e9t\u00e9 seront utilis\u00e9es pour :<\/p>\n<p>1. Fournir des services de produits aux clients ;<\/p>\n<p>2. fournir aux clients des produits, des incitations et des services de distribution ;<\/p>\n<p>3. fournir d'autres services aux clients.. ;<\/p>\n<p>4. nous pouvons vous contacter par courrier \u00e9lectronique, par t\u00e9l\u00e9phone ou par d'autres moyens \u00e9quivalents afin de vous fournir les services et produits susmentionn\u00e9s ;<\/p>\n<p>5. \u00e0 d'autres fins : Nous pouvons utiliser vos informations \u00e0 d'autres fins, telles que l'analyse des donn\u00e9es, l'identification des tendances d'utilisation, la d\u00e9termination de l'efficacit\u00e9 de nos campagnes promotionnelles et l'\u00e9valuation et l'am\u00e9lioration de nos produits, de nos services, de notre marketing et de votre exp\u00e9rience.<\/p>\n<p>Les informations d\u00e9tenues par notre soci\u00e9t\u00e9 concernant un client resteront confidentielles, sauf dans les circonstances suivantes :<\/p>\n<p>1. Vous acceptez de partager les informations avec un tiers ;<\/p>\n<p>2. Le produit et les services que vous avez demand\u00e9s ne peuvent \u00eatre offerts qu'avec la divulgation de vos informations ;<\/p>\n<p>3. Les informations sont divulgu\u00e9es de mani\u00e8re appropri\u00e9e par notre soci\u00e9t\u00e9 dans le cadre de son champ d'action autoris\u00e9, comme l'exige la loi, sur ordre d'un organisme autoris\u00e9 ou dans le cadre d'une proc\u00e9dure judiciaire ;<\/p>\n<p>4. Lorsque notre entreprise est tenue par la loi de divulguer des informations \u00e0 un tiers ;<\/p>\n<p>5. Dans le but de pr\u00e9server les int\u00e9r\u00eats des clients et du public en cas d'urgence ;<\/p>\n<p>6. Toute autre circonstance dans laquelle notre entreprise estime n\u00e9cessaire de publier, de compiler ou de divulguer les informations relatives \u00e0 une personne.<\/p>\n<p>R\u00e9visions de la politique de confidentialit\u00e9<\/p>\n<p>Notre soci\u00e9t\u00e9 se r\u00e9serve le droit de r\u00e9viser sa politique de confidentialit\u00e9.<\/p>\n<h5>Nous contacter<\/h5>\n<p><!-- \/wp:paragraph --><\/p>\n<p>Si vous estimez que vos informations priv\u00e9es ont \u00e9t\u00e9 divulgu\u00e9es de mani\u00e8re inappropri\u00e9e ou si vous ne souhaitez plus accepter les services de la soci\u00e9t\u00e9, ou si vous avez des commentaires ou des suggestions \u00e0 formuler sur notre politique de confidentialit\u00e9, veuillez envoyer un courrier \u00e9lectronique \u00e0 notre soci\u00e9t\u00e9, qui vous r\u00e9pondra dans les plus brefs d\u00e9lais.<\/p>\n<p><!-- wp:heading --><\/p>\n<h2 class=\"wp-block-heading\">\u00a0<\/h2>\n<\/div><\/div><\/div><\/div><\/div><!-- \/wp:heading --><!-- \/wp:paragraph --><\/p>\r\n<p><!-- wp:paragraph --><\/p>\r\n<p>L'adresse de notre site web est la suivante : https:\/\/hlh-js.com.<\/p>\r\n<p><!-- wp:heading --><\/p>\r\n<h5>Politique de confidentialit\u00e9 Champ d'application<\/h5>\r\n<p><!-- \/wp:heading --><\/p>\r\n<p><!-- wp:paragraph --><\/p>\r\n<p>Les utilisateurs du site soumettent des informations et le serveur laisse les informations personnelles.<\/p>\r\n<p>Contenu de la collecte d'informations<\/p>\r\n<p>Une fois que vous avez pass\u00e9 votre commande, je recueille vos informations personnelles, notamment votre nom, votre adresse \u00e9lectronique, votre code postal, l'adresse du destinataire, votre num\u00e9ro de t\u00e9l\u00e9phone, etc.<\/p>\r\n<p>Notre soci\u00e9t\u00e9 peut recevoir et enregistrer automatiquement les d\u00e9tails des informations contenues dans le journal de votre navigateur ou serveur, y compris, mais sans s'y limiter, votre adresse IP, les informations contenues dans les cookies de notre soci\u00e9t\u00e9 et les enregistrements des pages web que vous avez visit\u00e9es.<\/p>\r\n<h5 class=\"wp-block-heading\">Protection et utilisation des informations<\/h5>\r\n<p><!-- wp:paragraph --><\/p>\r\n<p>Les informations susmentionn\u00e9es collect\u00e9es par notre soci\u00e9t\u00e9 seront utilis\u00e9es pour :<\/p>\r\n<p>1. Fournir des services de produits aux clients ;<\/p>\r\n<p>2. fournir aux clients des produits, des incitations et des services de distribution ;<\/p>\r\n<p>3. fournir d'autres services aux clients.. ;<\/p>\r\n<p>4. nous pouvons vous contacter par courrier \u00e9lectronique, par t\u00e9l\u00e9phone ou par d'autres moyens \u00e9quivalents afin de vous fournir les services et produits susmentionn\u00e9s ;<\/p>\r\n<p>5. \u00e0 d'autres fins : Nous pouvons utiliser vos informations \u00e0 d'autres fins, telles que l'analyse des donn\u00e9es, l'identification des tendances d'utilisation, la d\u00e9termination de l'efficacit\u00e9 de nos campagnes promotionnelles et l'\u00e9valuation et l'am\u00e9lioration de nos produits, de nos services, de notre marketing et de votre exp\u00e9rience.<\/p>\r\n<p>Les informations d\u00e9tenues par notre soci\u00e9t\u00e9 concernant un client resteront confidentielles, sauf dans les circonstances suivantes :<\/p>\r\n<p>1. Vous acceptez de partager les informations avec un tiers ;<\/p>\r\n<p>2. Le produit et les services que vous avez demand\u00e9s ne peuvent \u00eatre offerts qu'avec la divulgation de vos informations ;<\/p>\r\n<p>3. Les informations sont divulgu\u00e9es de mani\u00e8re appropri\u00e9e par notre soci\u00e9t\u00e9 dans le cadre de son champ d'action autoris\u00e9, comme l'exige la loi, sur ordre d'un organisme autoris\u00e9 ou dans le cadre d'une proc\u00e9dure judiciaire ;<\/p>\r\n<p>4. Lorsque notre entreprise est tenue par la loi de divulguer des informations \u00e0 un tiers ;<\/p>\r\n<p>5. Dans le but de pr\u00e9server les int\u00e9r\u00eats des clients et du public en cas d'urgence ;<\/p>\r\n<p>6. Toute autre circonstance dans laquelle notre entreprise estime n\u00e9cessaire de publier, de compiler ou de divulguer les informations relatives \u00e0 une personne.<\/p>\r\n<p>R\u00e9visions de la politique de confidentialit\u00e9<\/p>\r\n<p>Notre soci\u00e9t\u00e9 se r\u00e9serve le droit de r\u00e9viser sa politique de confidentialit\u00e9.<\/p>\r\n<h5>Nous contacter<\/h5>\r\n<p><!-- \/wp:paragraph --><\/p>\r\n<p>Si vous estimez que vos informations priv\u00e9es ont \u00e9t\u00e9 divulgu\u00e9es de mani\u00e8re inappropri\u00e9e ou si vous ne souhaitez plus accepter les services de la soci\u00e9t\u00e9, ou si vous avez des commentaires ou des suggestions \u00e0 formuler sur notre politique de confidentialit\u00e9, veuillez envoyer un courrier \u00e9lectronique \u00e0 notre soci\u00e9t\u00e9, qui vous r\u00e9pondra dans les plus brefs d\u00e9lais.<\/p>\r\n<p><!-- wp:heading --><\/p>\r\n<h2 class=\"wp-block-heading\">\u00a0<\/h2>\r\n<p>[\/fusion_text][\/fusion_builder_column][\/fusion_builder_row][\/fusion_builder_container]<\/p><!-- \/wp:post-content -->","protected":false},"excerpt":{"rendered":"","protected":false},"author":1,"featured_media":0,"parent":0,"menu_order":0,"comment_status":"closed","ping_status":"open","template":"100-width.php","meta":{"footnotes":""},"class_list":["post-3","page","type-page","status-publish","hentry"],"_links":{"self":[{"href":"https:\/\/hlh-js.com\/fr\/wp-json\/wp\/v2\/pages\/3","targetHints":{"allow":["GET"]}}],"collection":[{"href":"https:\/\/hlh-js.com\/fr\/wp-json\/wp\/v2\/pages"}],"about":[{"href":"https:\/\/hlh-js.com\/fr\/wp-json\/wp\/v2\/types\/page"}],"author":[{"embeddable":true,"href":"https:\/\/hlh-js.com\/fr\/wp-json\/wp\/v2\/users\/1"}],"replies":[{"embeddable":true,"href":"https:\/\/hlh-js.com\/fr\/wp-json\/wp\/v2\/comments?post=3"}],"version-history":[{"count":9,"href":"https:\/\/hlh-js.com\/fr\/wp-json\/wp\/v2\/pages\/3\/revisions"}],"predecessor-version":[{"id":5299,"href":"https:\/\/hlh-js.com\/fr\/wp-json\/wp\/v2\/pages\/3\/revisions\/5299"}],"wp:attachment":[{"href":"https:\/\/hlh-js.com\/fr\/wp-json\/wp\/v2\/media?parent=3"}],"curies":[{"name":"wp","href":"https:\/\/api.w.org\/{rel}","templated":true}]}}