{"id":3,"date":"2024-07-09T03:46:33","date_gmt":"2024-07-09T03:46:33","guid":{"rendered":"http:\/\/hlh-wx.local\/?page_id=3"},"modified":"2024-08-23T01:50:30","modified_gmt":"2024-08-23T01:50:30","slug":"privacy-policy","status":"publish","type":"page","link":"https:\/\/hlh-js.com\/es\/privacy-policy\/","title":{"rendered":"Pol\u00edtica de privacidad"},"content":{"rendered":"<div class=\"fusion-fullwidth fullwidth-box fusion-builder-row-1 fusion-flex-container nonhundred-percent-fullwidth non-hundred-percent-height-scrolling\" style=\"--awb-border-radius-top-left:0px;--awb-border-radius-top-right:0px;--awb-border-radius-bottom-right:0px;--awb-border-radius-bottom-left:0px;--awb-flex-wrap:wrap;\" ><div class=\"fusion-builder-row fusion-row fusion-flex-align-items-flex-start fusion-flex-content-wrap\" style=\"max-width:1248px;margin-left: calc(-4% \/ 2 );margin-right: calc(-4% \/ 2 );\"><div class=\"fusion-layout-column fusion_builder_column fusion-builder-column-0 fusion_builder_column_1_1 1_1 fusion-flex-column\" style=\"--awb-bg-blend:overlay;--awb-bg-size:cover;--awb-width-large:100%;--awb-margin-top-large:0px;--awb-spacing-right-large:1.92%;--awb-margin-bottom-large:0px;--awb-spacing-left-large:1.92%;--awb-width-medium:100%;--awb-spacing-right-medium:1.92%;--awb-spacing-left-medium:1.92%;--awb-width-small:100%;--awb-spacing-right-small:1.92%;--awb-spacing-left-small:1.92%;\"><div class=\"fusion-column-wrapper fusion-flex-justify-content-flex-start fusion-content-layout-column\"><div class=\"fusion-text fusion-text-1\" style=\"--awb-content-alignment:left;\"><h3 style=\"text-align: center;\">Pol\u00edtica de privacidad<\/h3>\n<h5 class=\"wp-block-heading\">Qui\u00e9nes somos<\/h5>\n<p><!-- \/wp:post-content --><\/p>\n<p><!-- wp:paragraph --><\/p>\n<p>Para los usuarios del sitio para enviar informaci\u00f3n y el servidor dej\u00f3 la informaci\u00f3n personal.<\/p>\n<p>Contenido de la recopilaci\u00f3n de informaci\u00f3n<\/p>\n<p>Despu\u00e9s de que env\u00ede su pedido, recopilar\u00e9 su informaci\u00f3n personal, incluido el nombre, la direcci\u00f3n de correo electr\u00f3nico, el c\u00f3digo postal, la direcci\u00f3n del destinatario, el tel\u00e9fono, etc.<\/p>\n<p>Nuestra empresa puede recibir y registrar autom\u00e1ticamente detalles de informaci\u00f3n contenidos en el registro de su navegador o servidor, incluidos, entre otros, su direcci\u00f3n IP, informaci\u00f3n contenida en las cookies de Nuestra empresa y registros de las p\u00e1ginas web que ha visitado.<\/p>\n<h5 class=\"wp-block-heading\">Protecci\u00f3n y uso de la informaci\u00f3n<\/h5>\n<p><!-- wp:paragraph --><\/p>\n<p>La informaci\u00f3n arriba descrita recopilada por nuestra empresa se utilizar\u00e1 para:<\/p>\n<p>1. Proporcionar servicios de productos a los clientes;<\/p>\n<p>2. proporcionar a los clientes productos, incentivos y servicios de distribuci\u00f3n;<\/p>\n<p>3.Prestar otros servicios a los clientes.;<\/p>\n<p>4.Podremos ponernos en contacto con usted por correo electr\u00f3nico, llamadas telef\u00f3nicas u otras formas equivalentes para proporcionarle los servicios y productos mencionados;<\/p>\n<p>5. Para otros fines: Podemos utilizar su informaci\u00f3n para otros fines, como el an\u00e1lisis de datos, la identificaci\u00f3n de tendencias de uso, la determinaci\u00f3n de la eficacia de nuestras campa\u00f1as promocionales y para evaluar y mejorar nuestros productos, servicios, marketing y su experiencia.<\/p>\n<p>La informaci\u00f3n en poder de nuestra empresa relativa a un cliente se mantendr\u00e1 confidencial salvo en las siguientes circunstancias:<\/p>\n<p>1. Usted acepta compartir la informaci\u00f3n con un tercero;<\/p>\n<p>2. El producto y los servicios que ha solicitado s\u00f3lo pueden ofrecerse con la divulgaci\u00f3n de su informaci\u00f3n;<\/p>\n<p>3. La informaci\u00f3n es divulgada adecuadamente por nuestra empresa dentro de su \u00e1mbito autorizado seg\u00fan lo exija la ley, por orden de un organismo autorizado o seg\u00fan lo requiera un procedimiento judicial;<\/p>\n<p>4. Cuando nuestra empresa est\u00e9 obligada por ley a revelar informaci\u00f3n a un tercero ;<\/p>\n<p>5. Con el fin de mantener los intereses de los clientes y del p\u00fablico en caso de emergencia;<\/p>\n<p>6. Cualquier otra circunstancia en la que nuestra empresa considere necesario publicar, recopilar o divulgar la informaci\u00f3n de un individuo.<\/p>\n<p>Revisiones de la pol\u00edtica de privacidad<\/p>\n<p>Nuestra empresa se reserva el derecho de revisar su Pol\u00edtica de Privacidad.<\/p>\n<h5>P\u00f3ngase en contacto con nosotros<\/h5>\n<p><!-- \/wp:paragraph --><\/p>\n<p>Si usted encuentra que su informaci\u00f3n privada se divulga indebidamente o ya no desea aceptar los servicios de la empresa, o para nuestra pol\u00edtica de privacidad cualquier comentario o sugerencia, por favor env\u00ede un correo electr\u00f3nico a nuestra empresa, vamos a responder oportunamente.<\/p>\n<p><!-- wp:heading --><\/p>\n<h2 class=\"wp-block-heading\">\u00a0<\/h2>\n<\/div><\/div><\/div><\/div><\/div><!-- \/wp:heading --><!-- \/wp:paragraph --><\/p>\r\n<p><!-- wp:paragraph --><\/p>\r\n<p>La direcci\u00f3n de nuestro sitio web es: https:\/\/hlh-js.com.<\/p>\r\n<p><!-- wp:heading --><\/p>\r\n<h5>Pol\u00edtica de privacidad \u00c1mbito de aplicaci\u00f3n<\/h5>\r\n<p><!-- \/wp:heading --><\/p>\r\n<p><!-- wp:paragraph --><\/p>\r\n<p>Para los usuarios del sitio para enviar informaci\u00f3n y el servidor dej\u00f3 la informaci\u00f3n personal.<\/p>\r\n<p>Contenido de la recopilaci\u00f3n de informaci\u00f3n<\/p>\r\n<p>Despu\u00e9s de que env\u00ede su pedido, recopilar\u00e9 su informaci\u00f3n personal, incluido el nombre, la direcci\u00f3n de correo electr\u00f3nico, el c\u00f3digo postal, la direcci\u00f3n del destinatario, el tel\u00e9fono, etc.<\/p>\r\n<p>Nuestra empresa puede recibir y registrar autom\u00e1ticamente detalles de informaci\u00f3n contenidos en el registro de su navegador o servidor, incluidos, entre otros, su direcci\u00f3n IP, informaci\u00f3n contenida en las cookies de Nuestra empresa y registros de las p\u00e1ginas web que ha visitado.<\/p>\r\n<h5 class=\"wp-block-heading\">Protecci\u00f3n y uso de la informaci\u00f3n<\/h5>\r\n<p><!-- wp:paragraph --><\/p>\r\n<p>La informaci\u00f3n arriba descrita recopilada por nuestra empresa se utilizar\u00e1 para:<\/p>\r\n<p>1. Proporcionar servicios de productos a los clientes;<\/p>\r\n<p>2. proporcionar a los clientes productos, incentivos y servicios de distribuci\u00f3n;<\/p>\r\n<p>3.Prestar otros servicios a los clientes.;<\/p>\r\n<p>4.Podremos ponernos en contacto con usted por correo electr\u00f3nico, llamadas telef\u00f3nicas u otras formas equivalentes para proporcionarle los servicios y productos mencionados;<\/p>\r\n<p>5. Para otros fines: Podemos utilizar su informaci\u00f3n para otros fines, como el an\u00e1lisis de datos, la identificaci\u00f3n de tendencias de uso, la determinaci\u00f3n de la eficacia de nuestras campa\u00f1as promocionales y para evaluar y mejorar nuestros productos, servicios, marketing y su experiencia.<\/p>\r\n<p>La informaci\u00f3n en poder de nuestra empresa relativa a un cliente se mantendr\u00e1 confidencial salvo en las siguientes circunstancias:<\/p>\r\n<p>1. Usted acepta compartir la informaci\u00f3n con un tercero;<\/p>\r\n<p>2. El producto y los servicios que ha solicitado s\u00f3lo pueden ofrecerse con la divulgaci\u00f3n de su informaci\u00f3n;<\/p>\r\n<p>3. La informaci\u00f3n es divulgada adecuadamente por nuestra empresa dentro de su \u00e1mbito autorizado seg\u00fan lo exija la ley, por orden de un organismo autorizado o seg\u00fan lo requiera un procedimiento judicial;<\/p>\r\n<p>4. Cuando nuestra empresa est\u00e9 obligada por ley a revelar informaci\u00f3n a un tercero ;<\/p>\r\n<p>5. Con el fin de mantener los intereses de los clientes y del p\u00fablico en caso de emergencia;<\/p>\r\n<p>6. Cualquier otra circunstancia en la que nuestra empresa considere necesario publicar, recopilar o divulgar la informaci\u00f3n de un individuo.<\/p>\r\n<p>Revisiones de la pol\u00edtica de privacidad<\/p>\r\n<p>Nuestra empresa se reserva el derecho de revisar su Pol\u00edtica de Privacidad.<\/p>\r\n<h5>P\u00f3ngase en contacto con nosotros<\/h5>\r\n<p><!-- \/wp:paragraph --><\/p>\r\n<p>Si usted encuentra que su informaci\u00f3n privada se divulga indebidamente o ya no desea aceptar los servicios de la empresa, o para nuestra pol\u00edtica de privacidad cualquier comentario o sugerencia, por favor env\u00ede un correo electr\u00f3nico a nuestra empresa, vamos a responder oportunamente.<\/p>\r\n<p><!-- wp:heading --><\/p>\r\n<h2 class=\"wp-block-heading\">\u00a0<\/h2>\r\n<p>[\/fusion_text][\/fusion_builder_column][\/fusion_builder_row][\/fusion_builder_container]<\/p><!-- \/wp:post-content -->","protected":false},"excerpt":{"rendered":"","protected":false},"author":1,"featured_media":0,"parent":0,"menu_order":0,"comment_status":"closed","ping_status":"open","template":"100-width.php","meta":{"footnotes":""},"class_list":["post-3","page","type-page","status-publish","hentry"],"_links":{"self":[{"href":"https:\/\/hlh-js.com\/es\/wp-json\/wp\/v2\/pages\/3","targetHints":{"allow":["GET"]}}],"collection":[{"href":"https:\/\/hlh-js.com\/es\/wp-json\/wp\/v2\/pages"}],"about":[{"href":"https:\/\/hlh-js.com\/es\/wp-json\/wp\/v2\/types\/page"}],"author":[{"embeddable":true,"href":"https:\/\/hlh-js.com\/es\/wp-json\/wp\/v2\/users\/1"}],"replies":[{"embeddable":true,"href":"https:\/\/hlh-js.com\/es\/wp-json\/wp\/v2\/comments?post=3"}],"version-history":[{"count":9,"href":"https:\/\/hlh-js.com\/es\/wp-json\/wp\/v2\/pages\/3\/revisions"}],"predecessor-version":[{"id":5299,"href":"https:\/\/hlh-js.com\/es\/wp-json\/wp\/v2\/pages\/3\/revisions\/5299"}],"wp:attachment":[{"href":"https:\/\/hlh-js.com\/es\/wp-json\/wp\/v2\/media?parent=3"}],"curies":[{"name":"wp","href":"https:\/\/api.w.org\/{rel}","templated":true}]}}