{"id":3,"date":"2024-07-09T03:46:33","date_gmt":"2024-07-09T03:46:33","guid":{"rendered":"http:\/\/hlh-wx.local\/?page_id=3"},"modified":"2024-08-23T01:50:30","modified_gmt":"2024-08-23T01:50:30","slug":"privacy-policy","status":"publish","type":"page","link":"https:\/\/hlh-js.com\/de\/privacy-policy\/","title":{"rendered":"Datenschutzbestimmungen"},"content":{"rendered":"<div class=\"fusion-fullwidth fullwidth-box fusion-builder-row-1 fusion-flex-container nonhundred-percent-fullwidth non-hundred-percent-height-scrolling\" style=\"--awb-border-radius-top-left:0px;--awb-border-radius-top-right:0px;--awb-border-radius-bottom-right:0px;--awb-border-radius-bottom-left:0px;--awb-flex-wrap:wrap;\" ><div class=\"fusion-builder-row fusion-row fusion-flex-align-items-flex-start fusion-flex-content-wrap\" style=\"max-width:1248px;margin-left: calc(-4% \/ 2 );margin-right: calc(-4% \/ 2 );\"><div class=\"fusion-layout-column fusion_builder_column fusion-builder-column-0 fusion_builder_column_1_1 1_1 fusion-flex-column\" style=\"--awb-bg-blend:overlay;--awb-bg-size:cover;--awb-width-large:100%;--awb-margin-top-large:0px;--awb-spacing-right-large:1.92%;--awb-margin-bottom-large:0px;--awb-spacing-left-large:1.92%;--awb-width-medium:100%;--awb-spacing-right-medium:1.92%;--awb-spacing-left-medium:1.92%;--awb-width-small:100%;--awb-spacing-right-small:1.92%;--awb-spacing-left-small:1.92%;\"><div class=\"fusion-column-wrapper fusion-flex-justify-content-flex-start fusion-content-layout-column\"><div class=\"fusion-text fusion-text-1\" style=\"--awb-content-alignment:left;\"><h3 style=\"text-align: center;\">Datenschutzbestimmungen<\/h3>\n<h5 class=\"wp-block-heading\">Wer wir sind<\/h5>\n<p><!-- \/wp:post-content --><\/p>\n<p><!-- wp:paragraph --><\/p>\n<p>F\u00fcr Website-Benutzer, Informationen zu \u00fcbermitteln und der Server links die pers\u00f6nlichen Informationen.<\/p>\n<p>Informationssammlung Inhalt<\/p>\n<p>Nachdem Sie Ihre Bestellung abgeschickt haben, sammle ich Ihre pers\u00f6nlichen Daten, einschlie\u00dflich Name, E-Mail-Adresse, Postleitzahl, Empf\u00e4ngeradresse, Telefon und so weiter.<\/p>\n<p>Unser Unternehmen kann automatisch Informationen erhalten und aufzeichnen, die im Protokoll Ihres Browsers oder Servers enthalten sind, einschlie\u00dflich, aber nicht beschr\u00e4nkt auf Ihre IP-Adresse, Informationen, die in den Cookies unseres Unternehmens enthalten sind, und Aufzeichnungen von Webseiten, die Sie besucht haben.<\/p>\n<h5 class=\"wp-block-heading\">Schutz und Nutzung von Informationen<\/h5>\n<p><!-- wp:paragraph --><\/p>\n<p>Die oben beschriebenen Informationen, die von unserem Unternehmen gesammelt werden, werden f\u00fcr folgende Zwecke verwendet:<\/p>\n<p>1. Bereitstellung von Produktdienstleistungen f\u00fcr Kunden;<\/p>\n<p>2. die Versorgung der Kunden mit Produkten, Anreizen und Vertriebsdienstleistungen;<\/p>\n<p>3. andere Dienstleistungen f\u00fcr die Kunden zu erbringen;<\/p>\n<p>4. wir k\u00f6nnen mit Ihnen per E-Mail, Telefonanrufe oder andere gleichwertige Formen Kontakt aufnehmen, um die oben genannten Dienstleistungen und Produkte anzubieten;<\/p>\n<p>5. f\u00fcr andere Zwecke: Wir k\u00f6nnen Ihre Daten f\u00fcr andere Zwecke verwenden, wie z. B. zur Datenanalyse, zur Ermittlung von Nutzungstrends, zur Bestimmung der Wirksamkeit unserer Werbekampagnen und zur Bewertung und Verbesserung unserer Produkte, Dienstleistungen, unseres Marketings und Ihrer Erfahrungen.<\/p>\n<p>Informationen, die sich im Besitz unseres Unternehmens befinden und sich auf einen Kunden beziehen, werden vertraulich behandelt, au\u00dfer unter den folgenden Umst\u00e4nden:<\/p>\n<p>1. Sie stimmen der Weitergabe der Informationen an Dritte zu;<\/p>\n<p>2. Das Produkt und die Dienstleistungen, die Sie angefordert haben, k\u00f6nnen nur mit der Weitergabe Ihrer Daten angeboten werden;<\/p>\n<p>3. Die Informationen werden von unserem Unternehmen in angemessener Weise im Rahmen seiner Befugnisse weitergegeben, wenn dies gesetzlich vorgeschrieben ist, von einer befugten Stelle angeordnet wird oder wenn dies in einem Gerichtsverfahren erforderlich ist;<\/p>\n<p>4. Wenn unser Unternehmen gesetzlich verpflichtet ist, Informationen an einen Dritten weiterzugeben;<\/p>\n<p>5. Zum Zwecke der Wahrung der Interessen der Kunden und der \u00d6ffentlichkeit in Notf\u00e4llen;<\/p>\n<p>6. Alle anderen Umst\u00e4nde, unter denen unser Unternehmen es f\u00fcr notwendig erachtet, die Daten einer Person zu ver\u00f6ffentlichen, zusammenzustellen oder weiterzugeben.<\/p>\n<p>\u00dcberarbeitung der Datenschutzrichtlinie<\/p>\n<p>Unser Unternehmen beh\u00e4lt sich das Recht vor, seine Datenschutzpolitik zu \u00e4ndern.<\/p>\n<h5>Kontakt<\/h5>\n<p><!-- \/wp:paragraph --><\/p>\n<p>Wenn Sie der Meinung sind, dass Ihre privaten Daten unrechtm\u00e4\u00dfig weitergegeben wurden oder Sie die Dienste des Unternehmens nicht mehr in Anspruch nehmen m\u00f6chten, oder wenn Sie zu unseren Datenschutzrichtlinien irgendwelche Anmerkungen oder Vorschl\u00e4ge haben, senden Sie bitte eine E-Mail an unser Unternehmen, wir werden Ihnen rechtzeitig antworten.<\/p>\n<p><!-- wp:heading --><\/p>\n<h2 class=\"wp-block-heading\">\u00a0<\/h2>\n<\/div><\/div><\/div><\/div><\/div><!-- \/wp:heading --><!-- \/wp:paragraph --><\/p>\r\n<p><!-- wp:paragraph --><\/p>\r\n<p>Unsere Website-Adresse lautet: https:\/\/hlh-js.com.<\/p>\r\n<p><!-- wp:heading --><\/p>\r\n<h5>Datenschutzbestimmungen Anwendungsbereich<\/h5>\r\n<p><!-- \/wp:heading --><\/p>\r\n<p><!-- wp:paragraph --><\/p>\r\n<p>F\u00fcr Website-Benutzer, Informationen zu \u00fcbermitteln und der Server links die pers\u00f6nlichen Informationen.<\/p>\r\n<p>Informationssammlung Inhalt<\/p>\r\n<p>Nachdem Sie Ihre Bestellung abgeschickt haben, sammle ich Ihre pers\u00f6nlichen Daten, einschlie\u00dflich Name, E-Mail-Adresse, Postleitzahl, Empf\u00e4ngeradresse, Telefon und so weiter.<\/p>\r\n<p>Unser Unternehmen kann automatisch Informationen erhalten und aufzeichnen, die im Protokoll Ihres Browsers oder Servers enthalten sind, einschlie\u00dflich, aber nicht beschr\u00e4nkt auf Ihre IP-Adresse, Informationen, die in den Cookies unseres Unternehmens enthalten sind, und Aufzeichnungen von Webseiten, die Sie besucht haben.<\/p>\r\n<h5 class=\"wp-block-heading\">Schutz und Nutzung von Informationen<\/h5>\r\n<p><!-- wp:paragraph --><\/p>\r\n<p>Die oben beschriebenen Informationen, die von unserem Unternehmen gesammelt werden, werden f\u00fcr folgende Zwecke verwendet:<\/p>\r\n<p>1. Bereitstellung von Produktdienstleistungen f\u00fcr Kunden;<\/p>\r\n<p>2. die Versorgung der Kunden mit Produkten, Anreizen und Vertriebsdienstleistungen;<\/p>\r\n<p>3. andere Dienstleistungen f\u00fcr die Kunden zu erbringen;<\/p>\r\n<p>4. wir k\u00f6nnen mit Ihnen per E-Mail, Telefonanrufe oder andere gleichwertige Formen Kontakt aufnehmen, um die oben genannten Dienstleistungen und Produkte anzubieten;<\/p>\r\n<p>5. f\u00fcr andere Zwecke: Wir k\u00f6nnen Ihre Daten f\u00fcr andere Zwecke verwenden, wie z. B. zur Datenanalyse, zur Ermittlung von Nutzungstrends, zur Bestimmung der Wirksamkeit unserer Werbekampagnen und zur Bewertung und Verbesserung unserer Produkte, Dienstleistungen, unseres Marketings und Ihrer Erfahrungen.<\/p>\r\n<p>Informationen, die sich im Besitz unseres Unternehmens befinden und sich auf einen Kunden beziehen, werden vertraulich behandelt, au\u00dfer unter den folgenden Umst\u00e4nden:<\/p>\r\n<p>1. Sie stimmen der Weitergabe der Informationen an Dritte zu;<\/p>\r\n<p>2. Das Produkt und die Dienstleistungen, die Sie angefordert haben, k\u00f6nnen nur mit der Weitergabe Ihrer Daten angeboten werden;<\/p>\r\n<p>3. Die Informationen werden von unserem Unternehmen in angemessener Weise im Rahmen seiner Befugnisse weitergegeben, wenn dies gesetzlich vorgeschrieben ist, von einer befugten Stelle angeordnet wird oder wenn dies in einem Gerichtsverfahren erforderlich ist;<\/p>\r\n<p>4. Wenn unser Unternehmen gesetzlich verpflichtet ist, Informationen an einen Dritten weiterzugeben;<\/p>\r\n<p>5. Zum Zwecke der Wahrung der Interessen der Kunden und der \u00d6ffentlichkeit in Notf\u00e4llen;<\/p>\r\n<p>6. Alle anderen Umst\u00e4nde, unter denen unser Unternehmen es f\u00fcr notwendig erachtet, die Daten einer Person zu ver\u00f6ffentlichen, zusammenzustellen oder weiterzugeben.<\/p>\r\n<p>\u00dcberarbeitung der Datenschutzrichtlinie<\/p>\r\n<p>Unser Unternehmen beh\u00e4lt sich das Recht vor, seine Datenschutzpolitik zu \u00e4ndern.<\/p>\r\n<h5>Kontakt<\/h5>\r\n<p><!-- \/wp:paragraph --><\/p>\r\n<p>Wenn Sie der Meinung sind, dass Ihre privaten Daten unrechtm\u00e4\u00dfig weitergegeben wurden oder Sie die Dienste des Unternehmens nicht mehr in Anspruch nehmen m\u00f6chten, oder wenn Sie zu unseren Datenschutzrichtlinien irgendwelche Anmerkungen oder Vorschl\u00e4ge haben, senden Sie bitte eine E-Mail an unser Unternehmen, wir werden Ihnen rechtzeitig antworten.<\/p>\r\n<p><!-- wp:heading --><\/p>\r\n<h2 class=\"wp-block-heading\">\u00a0<\/h2>\r\n<p>[\/fusion_text][\/fusion_builder_column][\/fusion_builder_row][\/fusion_builder_container]<\/p><!-- \/wp:post-content -->","protected":false},"excerpt":{"rendered":"","protected":false},"author":1,"featured_media":0,"parent":0,"menu_order":0,"comment_status":"closed","ping_status":"open","template":"100-width.php","meta":{"footnotes":""},"class_list":["post-3","page","type-page","status-publish","hentry"],"_links":{"self":[{"href":"https:\/\/hlh-js.com\/de\/wp-json\/wp\/v2\/pages\/3","targetHints":{"allow":["GET"]}}],"collection":[{"href":"https:\/\/hlh-js.com\/de\/wp-json\/wp\/v2\/pages"}],"about":[{"href":"https:\/\/hlh-js.com\/de\/wp-json\/wp\/v2\/types\/page"}],"author":[{"embeddable":true,"href":"https:\/\/hlh-js.com\/de\/wp-json\/wp\/v2\/users\/1"}],"replies":[{"embeddable":true,"href":"https:\/\/hlh-js.com\/de\/wp-json\/wp\/v2\/comments?post=3"}],"version-history":[{"count":9,"href":"https:\/\/hlh-js.com\/de\/wp-json\/wp\/v2\/pages\/3\/revisions"}],"predecessor-version":[{"id":5299,"href":"https:\/\/hlh-js.com\/de\/wp-json\/wp\/v2\/pages\/3\/revisions\/5299"}],"wp:attachment":[{"href":"https:\/\/hlh-js.com\/de\/wp-json\/wp\/v2\/media?parent=3"}],"curies":[{"name":"wp","href":"https:\/\/api.w.org\/{rel}","templated":true}]}}